{"id":509,"date":"2025-01-31T18:35:43","date_gmt":"2025-01-31T17:35:43","guid":{"rendered":"https:\/\/tedaixtours.com\/?page_id=509"},"modified":"2025-02-19T10:57:24","modified_gmt":"2025-02-19T09:57:24","slug":"politique-de-confidentialite-2","status":"publish","type":"page","link":"https:\/\/tedaixtours.com\/fr\/privacy-policy-2\/","title":{"rendered":"Politique de confidentialit\u00e9"},"content":{"rendered":"\n<p>Privacy policy<\/p>\n\n\n\n<p>This Privacy Policy sets out how [Company name] collects, uses and protects any information that you provide to us when you use this website.<\/p>\n\n\n\n<p>Collection of information<\/p>\n\n\n\n<p>We collect personal information such as your name, e-mail address and other relevant information when you fill in forms on our site.<\/p>\n\n\n\n<p>Use of information<\/p>\n\n\n\n<p>The information we collect from you may be used to:<\/p>\n\n\n\n<p>Customise your user experience and meet your individual needs.<\/p>\n\n\n\n<p>Improve our website based on the information and feedback we receive from you.<\/p>\n\n\n\n<p>Send periodic emails containing company news, updates, product or service information, etc.<\/p>\n\n\n\n<p>Protection of information<\/p>\n\n\n\n<p>We implement a variety of security measures to safeguard the security of your personal information when you access your account or submit your personal information.<\/p>\n\n\n\n<p>Disclosure to third parties<\/p>\n\n\n\n<p>We do not sell, trade or otherwise transfer your personally identifiable information to third parties. This does not include trusted third parties who assist us in operating our website or conducting our business, so long as those parties agree to keep this information confidential.<\/p>\n\n\n\n<p>Consent<\/p>\n\n\n\n<p>By using our website, you consent to our privacy policy.<\/p>\n","protected":false},"excerpt":{"rendered":"<p>Privacy policy This Privacy Policy sets out how [Company name] collects, uses and protects any information that you provide to us when you use this website. Collection of information We collect personal information such as your name, e-mail address and other relevant information when you fill in forms on our site. Use of information The [&hellip;]<\/p>\n","protected":false},"author":1,"featured_media":0,"parent":0,"menu_order":0,"comment_status":"closed","ping_status":"closed","template":"","meta":{"footnotes":""},"class_list":["post-509","page","type-page","status-publish","hentry"],"yoast_head":"<!-- This site is optimized with the Yoast SEO plugin v27.3 - https:\/\/yoast.com\/product\/yoast-seo-wordpress\/ -->\n<title>Privacy policy - Ted Aix Tours<\/title>\n<meta name=\"robots\" content=\"index, follow, max-snippet:-1, max-image-preview:large, max-video-preview:-1\" \/>\n<link rel=\"canonical\" href=\"https:\/\/tedaixtours.com\/fr\/politique-de-confidentialite-2\/\" \/>\n<meta property=\"og:locale\" content=\"fr_FR\" \/>\n<meta property=\"og:type\" content=\"article\" \/>\n<meta property=\"og:title\" content=\"Privacy policy - Ted Aix Tours\" \/>\n<meta property=\"og:description\" content=\"Privacy policy This Privacy Policy sets out how [Company name] collects, uses and protects any information that you provide to us when you use this website. Collection of information We collect personal information such as your name, e-mail address and other relevant information when you fill in forms on our site. Use of information The [&hellip;]\" \/>\n<meta property=\"og:url\" content=\"https:\/\/tedaixtours.com\/fr\/politique-de-confidentialite-2\/\" \/>\n<meta property=\"og:site_name\" content=\"Ted Aix Tours\" \/>\n<meta property=\"article:modified_time\" content=\"2025-02-19T09:57:24+00:00\" \/>\n<meta name=\"twitter:card\" content=\"summary_large_image\" \/>\n<meta name=\"twitter:label1\" content=\"Dur\u00e9e de lecture estim\u00e9e\" \/>\n\t<meta name=\"twitter:data1\" content=\"1 minute\" \/>\n<script type=\"application\/ld+json\" class=\"yoast-schema-graph\">{\"@context\":\"https:\\\/\\\/schema.org\",\"@graph\":[{\"@type\":\"WebPage\",\"@id\":\"https:\\\/\\\/tedaixtours.com\\\/fr\\\/politique-de-confidentialite-2\\\/\",\"url\":\"https:\\\/\\\/tedaixtours.com\\\/fr\\\/politique-de-confidentialite-2\\\/\",\"name\":\"Privacy policy - Ted Aix Tours\",\"isPartOf\":{\"@id\":\"https:\\\/\\\/tedaixtours.com\\\/#website\"},\"datePublished\":\"2025-01-31T17:35:43+00:00\",\"dateModified\":\"2025-02-19T09:57:24+00:00\",\"breadcrumb\":{\"@id\":\"https:\\\/\\\/tedaixtours.com\\\/fr\\\/politique-de-confidentialite-2\\\/#breadcrumb\"},\"inLanguage\":\"fr-FR\",\"potentialAction\":[{\"@type\":\"ReadAction\",\"target\":[\"https:\\\/\\\/tedaixtours.com\\\/fr\\\/politique-de-confidentialite-2\\\/\"]}]},{\"@type\":\"BreadcrumbList\",\"@id\":\"https:\\\/\\\/tedaixtours.com\\\/fr\\\/politique-de-confidentialite-2\\\/#breadcrumb\",\"itemListElement\":[{\"@type\":\"ListItem\",\"position\":1,\"name\":\"Accueil\",\"item\":\"https:\\\/\\\/tedaixtours.com\\\/\"},{\"@type\":\"ListItem\",\"position\":2,\"name\":\"Privacy policy\"}]},{\"@type\":\"WebSite\",\"@id\":\"https:\\\/\\\/tedaixtours.com\\\/#website\",\"url\":\"https:\\\/\\\/tedaixtours.com\\\/\",\"name\":\"Ted Aix Tours\",\"description\":\"D\u00e9couvrez Aix-en-Provence gr\u00e2ce \u00e0 des circuits riches et immersifs\",\"publisher\":{\"@id\":\"https:\\\/\\\/tedaixtours.com\\\/#organization\"},\"potentialAction\":[{\"@type\":\"SearchAction\",\"target\":{\"@type\":\"EntryPoint\",\"urlTemplate\":\"https:\\\/\\\/tedaixtours.com\\\/?s={search_term_string}\"},\"query-input\":{\"@type\":\"PropertyValueSpecification\",\"valueRequired\":true,\"valueName\":\"search_term_string\"}}],\"inLanguage\":\"fr-FR\"},{\"@type\":\"Organization\",\"@id\":\"https:\\\/\\\/tedaixtours.com\\\/#organization\",\"name\":\"Ted Aix Tours\",\"url\":\"https:\\\/\\\/tedaixtours.com\\\/\",\"logo\":{\"@type\":\"ImageObject\",\"inLanguage\":\"fr-FR\",\"@id\":\"https:\\\/\\\/tedaixtours.com\\\/#\\\/schema\\\/logo\\\/image\\\/\",\"url\":\"https:\\\/\\\/tedaixtours.com\\\/wp-content\\\/uploads\\\/2025\\\/01\\\/image.png\",\"contentUrl\":\"https:\\\/\\\/tedaixtours.com\\\/wp-content\\\/uploads\\\/2025\\\/01\\\/image.png\",\"width\":500,\"height\":500,\"caption\":\"Ted Aix Tours\"},\"image\":{\"@id\":\"https:\\\/\\\/tedaixtours.com\\\/#\\\/schema\\\/logo\\\/image\\\/\"}}]}<\/script>\n<!-- \/ Yoast SEO plugin. -->","yoast_head_json":{"title":"Politique de confidentialit\u00e9 - Ted Aix Tours","robots":{"index":"index","follow":"follow","max-snippet":"max-snippet:-1","max-image-preview":"max-image-preview:large","max-video-preview":"max-video-preview:-1"},"canonical":"https:\/\/tedaixtours.com\/fr\/politique-de-confidentialite-2\/","og_locale":"fr_FR","og_type":"article","og_title":"Privacy policy - Ted Aix Tours","og_description":"Privacy policy This Privacy Policy sets out how [Company name] collects, uses and protects any information that you provide to us when you use this website. Collection of information We collect personal information such as your name, e-mail address and other relevant information when you fill in forms on our site. Use of information The [&hellip;]","og_url":"https:\/\/tedaixtours.com\/fr\/politique-de-confidentialite-2\/","og_site_name":"Ted Aix Tours","article_modified_time":"2025-02-19T09:57:24+00:00","twitter_card":"summary_large_image","twitter_misc":{"Dur\u00e9e de lecture estim\u00e9e":"1 minute"},"schema":{"@context":"https:\/\/schema.org","@graph":[{"@type":"WebPage","@id":"https:\/\/tedaixtours.com\/fr\/politique-de-confidentialite-2\/","url":"https:\/\/tedaixtours.com\/fr\/politique-de-confidentialite-2\/","name":"Politique de confidentialit\u00e9 - Ted Aix Tours","isPartOf":{"@id":"https:\/\/tedaixtours.com\/#website"},"datePublished":"2025-01-31T17:35:43+00:00","dateModified":"2025-02-19T09:57:24+00:00","breadcrumb":{"@id":"https:\/\/tedaixtours.com\/fr\/politique-de-confidentialite-2\/#breadcrumb"},"inLanguage":"fr-FR","potentialAction":[{"@type":"ReadAction","target":["https:\/\/tedaixtours.com\/fr\/politique-de-confidentialite-2\/"]}]},{"@type":"BreadcrumbList","@id":"https:\/\/tedaixtours.com\/fr\/politique-de-confidentialite-2\/#breadcrumb","itemListElement":[{"@type":"ListItem","position":1,"name":"Accueil","item":"https:\/\/tedaixtours.com\/"},{"@type":"ListItem","position":2,"name":"Privacy policy"}]},{"@type":"WebSite","@id":"https:\/\/tedaixtours.com\/#website","url":"https:\/\/tedaixtours.com\/","name":"Ted Aix Tours","description":"D\u00e9couvrez Aix-en-Provence gr\u00e2ce \u00e0 des circuits riches et immersifs","publisher":{"@id":"https:\/\/tedaixtours.com\/#organization"},"potentialAction":[{"@type":"SearchAction","target":{"@type":"EntryPoint","urlTemplate":"https:\/\/tedaixtours.com\/?s={search_term_string}"},"query-input":{"@type":"PropertyValueSpecification","valueRequired":true,"valueName":"search_term_string"}}],"inLanguage":"fr-FR"},{"@type":"Organization","@id":"https:\/\/tedaixtours.com\/#organization","name":"Ted Aix Tours","url":"https:\/\/tedaixtours.com\/","logo":{"@type":"ImageObject","inLanguage":"fr-FR","@id":"https:\/\/tedaixtours.com\/#\/schema\/logo\/image\/","url":"https:\/\/tedaixtours.com\/wp-content\/uploads\/2025\/01\/image.png","contentUrl":"https:\/\/tedaixtours.com\/wp-content\/uploads\/2025\/01\/image.png","width":500,"height":500,"caption":"Ted Aix Tours"},"image":{"@id":"https:\/\/tedaixtours.com\/#\/schema\/logo\/image\/"}}]}},"_links":{"self":[{"href":"https:\/\/tedaixtours.com\/fr\/wp-json\/wp\/v2\/pages\/509","targetHints":{"allow":["GET"]}}],"collection":[{"href":"https:\/\/tedaixtours.com\/fr\/wp-json\/wp\/v2\/pages"}],"about":[{"href":"https:\/\/tedaixtours.com\/fr\/wp-json\/wp\/v2\/types\/page"}],"author":[{"embeddable":true,"href":"https:\/\/tedaixtours.com\/fr\/wp-json\/wp\/v2\/users\/1"}],"replies":[{"embeddable":true,"href":"https:\/\/tedaixtours.com\/fr\/wp-json\/wp\/v2\/comments?post=509"}],"version-history":[{"count":0,"href":"https:\/\/tedaixtours.com\/fr\/wp-json\/wp\/v2\/pages\/509\/revisions"}],"wp:attachment":[{"href":"https:\/\/tedaixtours.com\/fr\/wp-json\/wp\/v2\/media?parent=509"}],"curies":[{"name":"wp","href":"https:\/\/api.w.org\/{rel}","templated":true}]}}